{"id":2,"date":"2022-03-02T15:08:04","date_gmt":"2022-03-02T15:08:04","guid":{"rendered":"https:\/\/waterbronnetje.muzzle.nl\/?page_id=2"},"modified":"2023-04-13T08:46:24","modified_gmt":"2023-04-13T08:46:24","slug":"home","status":"publish","type":"page","link":"https:\/\/waterbronnetje.nl\/de\/","title":{"rendered":"Home"},"content":{"rendered":"<p>[et_pb_section fb_built=&#8221;1&#8243; fullwidth=&#8221;on&#8221; disabled_on=&#8221;on|off|off&#8221; _builder_version=&#8221;4.15&#8243; _module_preset=&#8221;default&#8221; top_divider_style=&#8221;wave&#8221; top_divider_color=&#8221;#FFFFFF&#8221; top_divider_height=&#8221;29px&#8221; top_divider_repeat=&#8221;1x&#8221; top_divider_flip=&#8221;vertical&#8221; bottom_divider_style=&#8221;wave2&#8243; bottom_divider_color=&#8221;#22abdf&#8221; bottom_divider_height=&#8221;174px&#8221; bottom_divider_repeat=&#8221;1x&#8221; bottom_divider_flip=&#8221;horizontal&#8221; global_colors_info=&#8221;{}&#8221;][et_pb_fullwidth_slider disabled_on=&#8221;off|off|off&#8221; _builder_version=&#8221;4.15.1&#8243; _module_preset=&#8221;default&#8221; auto=&#8221;on&#8221; auto_speed=&#8221;6000&#8243; global_colors_info=&#8221;{}&#8221;][et_pb_slide _builder_version=&#8221;4.15&#8243; _module_preset=&#8221;default&#8221; background_enable_color=&#8221;off&#8221; background_image=&#8221;https:\/\/waterbronnetje.nl\/wp-content\/uploads\/2022\/03\/n001.jpg&#8221; background_enable_image=&#8221;on&#8221; global_colors_info=&#8221;{}&#8221; sticky_transition=&#8221;on&#8221;][\/et_pb_slide][et_pb_slide _builder_version=&#8221;4.15&#8243; _module_preset=&#8221;default&#8221; background_enable_color=&#8221;off&#8221; background_image=&#8221;https:\/\/waterbronnetje.nl\/wp-content\/uploads\/2022\/03\/h001-1.jpg&#8221; background_enable_image=&#8221;on&#8221; global_colors_info=&#8221;{}&#8221; sticky_transition=&#8221;on&#8221;][\/et_pb_slide][et_pb_slide _builder_version=&#8221;4.15&#8243; _module_preset=&#8221;default&#8221; background_enable_color=&#8221;off&#8221; background_image=&#8221;https:\/\/waterbronnetje.nl\/wp-content\/uploads\/2022\/03\/n002-1.jpg&#8221; background_enable_image=&#8221;on&#8221; global_colors_info=&#8221;{}&#8221; sticky_transition=&#8221;on&#8221;][\/et_pb_slide][et_pb_slide _builder_version=&#8221;4.15&#8243; _module_preset=&#8221;default&#8221; background_enable_color=&#8221;off&#8221; background_image=&#8221;https:\/\/waterbronnetje.nl\/wp-content\/uploads\/2022\/03\/n003.jpg&#8221; background_enable_image=&#8221;on&#8221; global_colors_info=&#8221;{}&#8221; sticky_transition=&#8221;on&#8221;][\/et_pb_slide][et_pb_slide _builder_version=&#8221;4.15&#8243; _module_preset=&#8221;default&#8221; background_enable_color=&#8221;off&#8221; background_image=&#8221;https:\/\/waterbronnetje.nl\/wp-content\/uploads\/2022\/03\/n004.jpg&#8221; background_enable_image=&#8221;on&#8221; global_colors_info=&#8221;{}&#8221; sticky_transition=&#8221;on&#8221;][\/et_pb_slide][\/et_pb_fullwidth_slider][\/et_pb_section][et_pb_section fb_built=&#8221;1&#8243; fullwidth=&#8221;on&#8221; disabled_on=&#8221;off|on|on&#8221; _builder_version=&#8221;4.15&#8243; _module_preset=&#8221;default&#8221; top_divider_style=&#8221;wave&#8221; top_divider_color=&#8221;#FFFFFF&#8221; top_divider_height=&#8221;10px&#8221; top_divider_repeat=&#8221;1x&#8221; top_divider_flip=&#8221;vertical&#8221; bottom_divider_style=&#8221;wave2&#8243; bottom_divider_color=&#8221;#22abdf&#8221; bottom_divider_height=&#8221;30px&#8221; bottom_divider_repeat=&#8221;1x&#8221; bottom_divider_flip=&#8221;horizontal&#8221; global_colors_info=&#8221;{}&#8221;][et_pb_fullwidth_slider disabled_on=&#8221;off|off|off&#8221; _builder_version=&#8221;4.15.1&#8243; _module_preset=&#8221;default&#8221; auto=&#8221;on&#8221; auto_speed=&#8221;6000&#8243; global_colors_info=&#8221;{}&#8221;][et_pb_slide _builder_version=&#8221;4.15&#8243; _module_preset=&#8221;default&#8221; background_enable_color=&#8221;off&#8221; background_image=&#8221;https:\/\/waterbronnetje.nl\/wp-content\/uploads\/2022\/03\/n001.jpg&#8221; background_enable_image=&#8221;on&#8221; global_colors_info=&#8221;{}&#8221; sticky_transition=&#8221;on&#8221;][\/et_pb_slide][et_pb_slide _builder_version=&#8221;4.15&#8243; _module_preset=&#8221;default&#8221; background_enable_color=&#8221;off&#8221; background_image=&#8221;https:\/\/waterbronnetje.nl\/wp-content\/uploads\/2022\/03\/h001-1.jpg&#8221; background_enable_image=&#8221;on&#8221; global_colors_info=&#8221;{}&#8221; sticky_transition=&#8221;on&#8221;][\/et_pb_slide][et_pb_slide _builder_version=&#8221;4.15&#8243; _module_preset=&#8221;default&#8221; background_enable_color=&#8221;off&#8221; background_image=&#8221;https:\/\/waterbronnetje.nl\/wp-content\/uploads\/2022\/03\/n002-1.jpg&#8221; background_enable_image=&#8221;on&#8221; global_colors_info=&#8221;{}&#8221; sticky_transition=&#8221;on&#8221;][\/et_pb_slide][et_pb_slide _builder_version=&#8221;4.15&#8243; _module_preset=&#8221;default&#8221; background_enable_color=&#8221;off&#8221; background_image=&#8221;https:\/\/waterbronnetje.nl\/wp-content\/uploads\/2022\/03\/n003.jpg&#8221; background_enable_image=&#8221;on&#8221; global_colors_info=&#8221;{}&#8221; sticky_transition=&#8221;on&#8221;][\/et_pb_slide][et_pb_slide _builder_version=&#8221;4.15&#8243; _module_preset=&#8221;default&#8221; background_enable_color=&#8221;off&#8221; background_image=&#8221;https:\/\/waterbronnetje.nl\/wp-content\/uploads\/2022\/03\/n004.jpg&#8221; background_enable_image=&#8221;on&#8221; global_colors_info=&#8221;{}&#8221; sticky_transition=&#8221;on&#8221;][\/et_pb_slide][\/et_pb_fullwidth_slider][\/et_pb_section][et_pb_section fb_built=&#8221;1&#8243; _builder_version=&#8221;4.15&#8243; _module_preset=&#8221;default&#8221; background_color=&#8221;#22abdf&#8221; custom_margin=&#8221;0px||||false|false&#8221; custom_padding=&#8221;0px||||false|false&#8221; global_colors_info=&#8221;{}&#8221;][et_pb_row column_structure=&#8221;2_3,1_3&#8243; _builder_version=&#8221;4.15&#8243; _module_preset=&#8221;default&#8221; global_colors_info=&#8221;{}&#8221;][et_pb_column type=&#8221;2_3&#8243; _builder_version=&#8221;4.15&#8243; _module_preset=&#8221;default&#8221; global_colors_info=&#8221;{}&#8221;][et_pb_text _builder_version=&#8221;4.15&#8243; _module_preset=&#8221;default&#8221; text_font=&#8221;PT Sans|700|||||||&#8221; text_text_color=&#8221;#FFFFFF&#8221; text_font_size=&#8221;46px&#8221; text_line_height=&#8221;1.8em&#8221; text_text_shadow_style=&#8221;preset2&#8243; global_colors_info=&#8221;{}&#8221;]<\/p>\n<p class=\"translation-block\">Wasserquelle jetzt \u20ac399.- inklusive!<\/p>\n<p>[\/et_pb_text][et_pb_text module_class=&#8221;blue-link&#8221; _builder_version=&#8221;4.15.1&#8243; _module_preset=&#8221;default&#8221; text_text_color=&#8221;#FFFFFF&#8221; global_colors_info=&#8221;{}&#8221;]<\/p>\n<p>Stellen Sie sich vor, Sie haben immer g\u00fcnstiges und frisches Grundwasser zur Verf\u00fcgung. Ideal zum Bew\u00e4ssern des Gartens, damit Sie kein teures Trinkwasser verschwenden m\u00fcssen.<\/p>\n<p class=\"translation-block\">Wir bohren Ihre Wasserquelle bis zu einer Tiefe von 12 Metern. Schnell und effektiv, f\u00fcr nur \u20ac 399 inklusive Mehrwertsteuer. <strong>Wir helfen Ihnen unabh\u00e4ngig von Ihrem Wohnort, denn wir sind der einzige Anbieter, der in ganz Niederlande und NRW (DE) t\u00e4tig ist.<\/strong><\/p>\n<p class=\"translation-block\">M\u00f6chten Sie erfahren, wie unsere Kunden unseren Service bewerten? <a href=\"https:\/\/waterbronnetje.nl\/de\/klanten\/\" target=\"_self\">Lesen Sie die Geschichte von Mieke und Bert.<\/a><\/p>\n<p><strong>Neugierig, wie wir Ihre Wasserquelle bohren?<\/strong><br \/>Wir bohren mit Pulsieren bis zur perfekten Tiefe. Dies ist eine besonders effiziente Methode, um in den Boden zu gelangen. Es hinterl\u00e4sst au\u00dferdem sehr wenig Schmutz w\u00e4hrend der Arbeit.<\/p>\n<p>Das Material, das wir zum Bohren Ihrer Wasserquelle ben\u00f6tigen, ist sehr handlich. Wir passen durch jede T\u00fcr und jedes Tor!<\/p>\n<p><a href=\"https:\/\/waterbronnetje.nl\/de\/pulsen\/\">Erfahren Sie mehr \u00fcber das Pulsen.<\/a><\/p>\n<p class=\"translation-block\"><strong>M\u00f6chten Sie sofort einen Termin vereinbaren?<\/strong><br>Rufen Sie uns unter 0031 - 625483500 an oder senden Sie uns eine E-Mail an <a href=\"mailto:info@waterbronnetje.nl\" target=\"_self\">info@waterbronnetje.nl<\/a>.<\/p>\n<p>[\/et_pb_text][\/et_pb_column][et_pb_column type=&#8221;1_3&#8243; _builder_version=&#8221;4.15&#8243; _module_preset=&#8221;default&#8221; global_colors_info=&#8221;{}&#8221;][et_pb_gallery gallery_ids=&#8221;84,85,86,87,88&#8243; gallery_orderby=&#8221;rand&#8221; posts_number=&#8221;5&#8243; show_title_and_caption=&#8221;off&#8221; _builder_version=&#8221;4.15&#8243; _module_preset=&#8221;default&#8221; custom_css_gallery_item=&#8221;width: 46% !important;||margin: 5px !important;||clear: none !important;&#8221; global_colors_info=&#8221;{}&#8221;][\/et_pb_gallery][\/et_pb_column][\/et_pb_row][et_pb_row column_structure=&#8221;3_5,2_5&#8243; _builder_version=&#8221;4.15&#8243; _module_preset=&#8221;default&#8221; global_colors_info=&#8221;{}&#8221;][et_pb_column type=&#8221;3_5&#8243; _builder_version=&#8221;4.15&#8243; _module_preset=&#8221;default&#8221; global_colors_info=&#8221;{}&#8221;][et_pb_button button_url=&#8221;tel:0031625483500&#8243; url_new_window=&#8221;on&#8221; button_text=&#8221;BEL DIRECT VOOR EEN AFSPRAAK&#8221; button_alignment=&#8221;center&#8221; _builder_version=&#8221;4.15.1&#8243; _module_preset=&#8221;default&#8221; custom_button=&#8221;on&#8221; button_bg_color=&#8221;#2f3283&#8243; button_border_width=&#8221;0px&#8221; button_font=&#8221;|600|||||||&#8221; button_icon=&#8221;&#xe090;||divi||400&#8243; button_icon_color=&#8221;#FFFFFF&#8221; button_icon_placement=&#8221;left&#8221; button_on_hover=&#8221;off&#8221; background_layout=&#8221;dark&#8221; hover_enabled=&#8221;0&#8243; box_shadow_style=&#8221;preset2&#8243; global_colors_info=&#8221;{}&#8221; sticky_enabled=&#8221;0&#8243;][\/et_pb_button][et_pb_button button_url=&#8221;https:\/\/waterbronnetje.nl\/contact\/&#8221; button_text=&#8221;OF KLIK HIER OM EEN BERICHT TE STUREN&#8221; button_alignment=&#8221;center&#8221; _builder_version=&#8221;4.14.8&#8243; _module_preset=&#8221;default&#8221; custom_button=&#8221;on&#8221; button_bg_color=&#8221;#2f3283&#8243; button_border_width=&#8221;0px&#8221; button_font=&#8221;|600|||||||&#8221; button_icon=&#8221;&#xe076;||divi||400&#8243; button_icon_color=&#8221;#FFFFFF&#8221; button_icon_placement=&#8221;left&#8221; button_on_hover=&#8221;off&#8221; background_layout=&#8221;dark&#8221; box_shadow_style=&#8221;preset2&#8243; global_colors_info=&#8221;{}&#8221;][\/et_pb_button][\/et_pb_column][et_pb_column type=&#8221;2_5&#8243; _builder_version=&#8221;4.15&#8243; _module_preset=&#8221;default&#8221; global_colors_info=&#8221;{}&#8221;][et_pb_video src=&#8221;https:\/\/waterbronnetje.nl\/wp-content\/uploads\/2022\/03\/WhatsApp-Video-2022-03-08-at-8.15.10-PM.mp4&#8243; src_webm=&#8221;https:\/\/waterbronnetje.nl\/wp-content\/uploads\/2022\/03\/WhatsApp-Video-2022-03-08-at-8.15.10-PM.mp4&#8243; _builder_version=&#8221;4.15.1&#8243; _module_preset=&#8221;default&#8221; global_colors_info=&#8221;{}&#8221;][\/et_pb_video][\/et_pb_column][\/et_pb_row][\/et_pb_section][et_pb_section fb_built=&#8221;1&#8243; _builder_version=&#8221;4.15&#8243; _module_preset=&#8221;default&#8221; background_color=&#8221;#22abdf&#8221; custom_margin=&#8221;0px|0px|0px|0px|false|false&#8221; custom_padding=&#8221;0px||0px||false|false&#8221; top_divider_height=&#8221;71px&#8221; top_divider_flip=&#8221;horizontal&#8221; bottom_divider_style=&#8221;ramp2&#8243; bottom_divider_color=&#8221;#2f3283&#8243; bottom_divider_height=&#8221;51px&#8221; global_colors_info=&#8221;{}&#8221;][et_pb_row _builder_version=&#8221;4.15&#8243; _module_preset=&#8221;default&#8221; global_colors_info=&#8221;{}&#8221;][et_pb_column type=&#8221;4_4&#8243; _builder_version=&#8221;4.15&#8243; _module_preset=&#8221;default&#8221; global_colors_info=&#8221;{}&#8221;][\/et_pb_column][\/et_pb_row][\/et_pb_section]<\/p>","protected":false},"excerpt":{"rendered":"<p>Waterbron nu \u20ac399.- incl!Stelt u zich eens voor dat u altijd uw eigen goedkope en frisse grondwater tot uw beschikking heeft. Ideaal voor de bewatering van de tuin, zodat u hiervoor geen kostbaar drinkwater hoeft te verspillen. Wij slaan uw waterbron tot een diepte van 12 meter. Snel en effectief, voor slechts \u20ac 399 inclusief [&hellip;]<\/p>","protected":false},"author":1,"featured_media":0,"parent":0,"menu_order":0,"comment_status":"closed","ping_status":"closed","template":"","meta":{"_et_pb_use_builder":"on","_et_pb_old_content":"<!-- wp:paragraph -->\n<p>Dit is een voorbeeldpagina. Het is anders dan een blog bericht omdat het op \u00e9\u00e9n plek blijft en tevoorschijn komt in je site navigatie (in de meeste thema's). De meeste mensen starten met een Over pagina dat hen voorstelt aan potenti\u00eble site bezoekers. Het zou iets als dit kunnen zeggen:<\/p>\n<!-- \/wp:paragraph -->\n\n<!-- wp:quote -->\n<blockquote class=\"wp-block-quote\"><p>Hoi daar! Ik ben een fietskoerier in het dagelijks leven en een beginnende acteur in de avonduren, en dit is mijn site. Ik leef in Los Angeles, heb een leuke hond genaamd Jack en ik hou van pi\u00f1a coladas. (En overvallen worden door de regen.)<\/p><\/blockquote>\n<!-- \/wp:quote -->\n\n<!-- wp:paragraph -->\n<p>...of zoiets als dit:<\/p>\n<!-- \/wp:paragraph -->\n\n<!-- wp:quote -->\n<blockquote class=\"wp-block-quote\"><p>De XYZ Doohickey Company is opgericht in 1971 en heeft sindsdien kwalitatieve doohickeys aan het publiek geleverd. Gevestigd in Gotham City, heeft XYZ meer dan 2000 mensen in dienst en doet allerlei fantastische dingen voor de community in Gotham.<\/p><\/blockquote>\n<!-- \/wp:quote -->\n\n<!-- wp:paragraph -->\n<p>Als nieuwe WordPress gebruiker kan je naar <a href=\"https:\/\/waterbronnetje.nl\/wp-admin\/\">je dashboard<\/a> gaan om deze pagina te verwijderen en nieuwe pagina's toe te voegen voor je inhoud. Veel plezier!<\/p>\n<!-- \/wp:paragraph -->","_et_gb_content_width":"","footnotes":""},"class_list":["post-2","page","type-page","status-publish","hentry"],"_links":{"self":[{"href":"https:\/\/waterbronnetje.nl\/de\/wp-json\/wp\/v2\/pages\/2","targetHints":{"allow":["GET"]}}],"collection":[{"href":"https:\/\/waterbronnetje.nl\/de\/wp-json\/wp\/v2\/pages"}],"about":[{"href":"https:\/\/waterbronnetje.nl\/de\/wp-json\/wp\/v2\/types\/page"}],"author":[{"embeddable":true,"href":"https:\/\/waterbronnetje.nl\/de\/wp-json\/wp\/v2\/users\/1"}],"replies":[{"embeddable":true,"href":"https:\/\/waterbronnetje.nl\/de\/wp-json\/wp\/v2\/comments?post=2"}],"version-history":[{"count":26,"href":"https:\/\/waterbronnetje.nl\/de\/wp-json\/wp\/v2\/pages\/2\/revisions"}],"predecessor-version":[{"id":152,"href":"https:\/\/waterbronnetje.nl\/de\/wp-json\/wp\/v2\/pages\/2\/revisions\/152"}],"wp:attachment":[{"href":"https:\/\/waterbronnetje.nl\/de\/wp-json\/wp\/v2\/media?parent=2"}],"curies":[{"name":"wp","href":"https:\/\/api.w.org\/{rel}","templated":true}]}}