{"id":117,"date":"2022-05-27T10:02:05","date_gmt":"2022-05-27T10:02:05","guid":{"rendered":"https:\/\/waterbronnetje.nl\/?page_id=117"},"modified":"2023-04-13T08:45:25","modified_gmt":"2023-04-13T08:45:25","slug":"klanten","status":"publish","type":"page","link":"https:\/\/waterbronnetje.nl\/de\/klanten\/","title":{"rendered":"Kunden"},"content":{"rendered":"<p>[et_pb_section fb_built=&#8221;1&#8243; fullwidth=&#8221;on&#8221; disabled_on=&#8221;on|off|off&#8221; _builder_version=&#8221;4.15&#8243; _module_preset=&#8221;default&#8221; top_divider_style=&#8221;wave&#8221; top_divider_color=&#8221;#FFFFFF&#8221; top_divider_height=&#8221;29px&#8221; top_divider_repeat=&#8221;1x&#8221; top_divider_flip=&#8221;vertical&#8221; bottom_divider_style=&#8221;wave2&#8243; bottom_divider_color=&#8221;#22abdf&#8221; bottom_divider_height=&#8221;174px&#8221; bottom_divider_repeat=&#8221;1x&#8221; bottom_divider_flip=&#8221;horizontal&#8221; global_colors_info=&#8221;{}&#8221;][et_pb_fullwidth_slider _builder_version=&#8221;4.15&#8243; _module_preset=&#8221;default&#8221; auto=&#8221;on&#8221; auto_speed=&#8221;6000&#8243; global_colors_info=&#8221;{}&#8221;][et_pb_slide _builder_version=&#8221;4.15&#8243; _module_preset=&#8221;default&#8221; background_enable_color=&#8221;off&#8221; background_image=&#8221;https:\/\/waterbronnetje.nl\/wp-content\/uploads\/2022\/03\/h003.jpg&#8221; background_enable_image=&#8221;on&#8221; global_colors_info=&#8221;{}&#8221; sticky_transition=&#8221;on&#8221;][\/et_pb_slide][et_pb_slide _builder_version=&#8221;4.15&#8243; _module_preset=&#8221;default&#8221; background_enable_color=&#8221;off&#8221; background_image=&#8221;https:\/\/waterbronnetje.nl\/wp-content\/uploads\/2022\/03\/h001-1.jpg&#8221; background_enable_image=&#8221;on&#8221; global_colors_info=&#8221;{}&#8221; sticky_transition=&#8221;on&#8221;][\/et_pb_slide][et_pb_slide _builder_version=&#8221;4.15&#8243; _module_preset=&#8221;default&#8221; background_enable_color=&#8221;off&#8221; background_image=&#8221;https:\/\/waterbronnetje.nl\/wp-content\/uploads\/2022\/03\/h002.jpg&#8221; background_enable_image=&#8221;on&#8221; global_colors_info=&#8221;{}&#8221; sticky_transition=&#8221;on&#8221;][\/et_pb_slide][\/et_pb_fullwidth_slider][\/et_pb_section][et_pb_section fb_built=&#8221;1&#8243; fullwidth=&#8221;on&#8221; disabled_on=&#8221;off|on|on&#8221; _builder_version=&#8221;4.15&#8243; _module_preset=&#8221;default&#8221; top_divider_style=&#8221;wave&#8221; top_divider_color=&#8221;#FFFFFF&#8221; top_divider_height=&#8221;10px&#8221; top_divider_repeat=&#8221;1x&#8221; top_divider_flip=&#8221;vertical&#8221; bottom_divider_style=&#8221;wave2&#8243; bottom_divider_color=&#8221;#22abdf&#8221; bottom_divider_height=&#8221;30px&#8221; bottom_divider_repeat=&#8221;1x&#8221; bottom_divider_flip=&#8221;horizontal&#8221; global_colors_info=&#8221;{}&#8221;][et_pb_fullwidth_slider _builder_version=&#8221;4.15&#8243; _module_preset=&#8221;default&#8221; auto=&#8221;on&#8221; auto_speed=&#8221;6000&#8243; global_colors_info=&#8221;{}&#8221;][et_pb_slide _builder_version=&#8221;4.15&#8243; _module_preset=&#8221;default&#8221; background_enable_color=&#8221;off&#8221; background_image=&#8221;https:\/\/waterbronnetje.nl\/wp-content\/uploads\/2022\/03\/h003.jpg&#8221; background_enable_image=&#8221;on&#8221; global_colors_info=&#8221;{}&#8221; sticky_transition=&#8221;on&#8221;][\/et_pb_slide][et_pb_slide _builder_version=&#8221;4.15&#8243; _module_preset=&#8221;default&#8221; background_enable_color=&#8221;off&#8221; background_image=&#8221;https:\/\/waterbronnetje.nl\/wp-content\/uploads\/2022\/03\/h001-1.jpg&#8221; background_enable_image=&#8221;on&#8221; global_colors_info=&#8221;{}&#8221; sticky_transition=&#8221;on&#8221;][\/et_pb_slide][et_pb_slide _builder_version=&#8221;4.15&#8243; _module_preset=&#8221;default&#8221; background_enable_color=&#8221;off&#8221; background_image=&#8221;https:\/\/waterbronnetje.nl\/wp-content\/uploads\/2022\/03\/h002.jpg&#8221; background_enable_image=&#8221;on&#8221; global_colors_info=&#8221;{}&#8221; sticky_transition=&#8221;on&#8221;][\/et_pb_slide][\/et_pb_fullwidth_slider][\/et_pb_section][et_pb_section fb_built=&#8221;1&#8243; _builder_version=&#8221;4.15&#8243; _module_preset=&#8221;default&#8221; background_color=&#8221;#22abdf&#8221; custom_margin=&#8221;0px||||false|false&#8221; custom_padding=&#8221;0px||||false|false&#8221; global_colors_info=&#8221;{}&#8221;][et_pb_row column_structure=&#8221;2_3,1_3&#8243; _builder_version=&#8221;4.15&#8243; _module_preset=&#8221;default&#8221; global_colors_info=&#8221;{}&#8221;][et_pb_column type=&#8221;2_3&#8243; _builder_version=&#8221;4.15&#8243; _module_preset=&#8221;default&#8221; global_colors_info=&#8221;{}&#8221;][et_pb_text _builder_version=&#8221;4.15.1&#8243; _module_preset=&#8221;default&#8221; text_font=&#8221;PT Sans|700|||||||&#8221; text_text_color=&#8221;#FFFFFF&#8221; text_font_size=&#8221;35px&#8221; text_text_shadow_style=&#8221;preset2&#8243; global_colors_info=&#8221;{}&#8221;]<\/p>\n<p>\"Das h\u00e4tten wir schon vor Jahren machen sollen!\"<\/p>\n<p>[\/et_pb_text][et_pb_text module_class=&#8221;blue-link&#8221; _builder_version=&#8221;4.15.1&#8243; _module_preset=&#8221;default&#8221; text_text_color=&#8221;#FFFFFF&#8221; global_colors_info=&#8221;{}&#8221;]<\/p>\n<p><strong>Mieke und Bert aus Borne hatten bereits seit einiger Zeit Bedenken, ob sie eine Wasserquelle bohren lassen sollten. Schlie\u00dflich trafen sie eine Entscheidung und nahmen Kontakt zu Waterbronnetje.nl auf. Hier berichten sie von ihren Erfahrungen.<\/strong><\/p>\n<p>\"Mieke und ich sind seit Jahren sehr aktiv in unserem Gem\u00fcsegarten\", sagt Bert. \"Daf\u00fcr haben wir bereits Regenwasser gesammelt, denn das Verwenden von Leitungswasser ist Verschwendung von Geld und sauberem Trinkwasser. Aber wir hatten eigentlich immer zu wenig gesammeltes Wasser. Bei einem anderen G\u00e4rtner sahen wir, wie praktisch eine eigene Wasserquelle ist, also beschlossen wir, auch endlich aktiv zu werden.\"<\/p>\n<p>Mieke gibt an, dass sie noch ein wenig zur\u00fcckhaltend war: \"Unser Gem\u00fcsegarten ist empfindlich und wir k\u00fcmmern uns immer sehr gut darum. Da m\u00f6chte man nat\u00fcrlich nicht, dass durch die Arbeiten rund um die Wasserquelle pl\u00f6tzlich alles gest\u00f6rt wird. Im Nachhinein h\u00e4tte ich mir wirklich keine Sorgen machen m\u00fcssen, denn die Fachleute von Waterbronnetje.nl ben\u00f6tigten kaum Platz, also war unser Gem\u00fcsegarten w\u00e4hrend der Arbeiten komplett sicher.\"<\/p>\n<p>Es dauerte nur ein paar Stunden und pl\u00f6tzlich hatte das Paar eine eigene Wasserquelle. Eine Welt ging f\u00fcr sie auf, erz\u00e4hlt Bert: \"Pl\u00f6tzlich konnten wir die Bew\u00e4sserung f\u00fcr den gesamten Garten viel einfacher regeln. Und das auch noch auf nat\u00fcrliche Weise, mit Wasser aus unserem eigenen Boden.\" Auch Mieke ist sehr zufrieden: \"Es ist wirklich sehr einfach, eine eigene Wasserquelle zu haben. Das h\u00e4tten wir schon vor Jahren machen sollen!\"<\/p>\n<p><strong>Saubere Bohrmethode<\/strong><br \/>Der gro\u00dfe Vorteil des Pulsierens besteht darin, dass w\u00e4hrend der Arbeit wenig Schmutz entsteht. Wir ben\u00f6tigen wenig Platz, um dies gut auszuf\u00fchren. Au\u00dferdem hinterlassen wir alles sauber. Unsere Ausr\u00fcstung passt durch jede T\u00fcr und jedes Tor, so dass wir Ihnen immer helfen k\u00f6nnen.<\/p>\n<p><a href=\"https:\/\/waterbronnetje.nl\/de\/pulsen\/\">Erfahren Sie mehr \u00fcber das Pulsen.<\/a><\/p>\n<p class=\"translation-block\"><strong>M\u00f6chten Sie sofort einen Termin vereinbaren?<\/strong><br>Rufen Sie uns unter 0031 - 625483500 an oder senden Sie uns eine E-Mail an <a href=\"mailto:info@waterbronnetje.nl\" target=\"_self\">info@waterbronnetje.nl<\/a>.<\/p>\n<p>[\/et_pb_text][et_pb_button button_url=&#8221;tel:0031625483500&#8243; url_new_window=&#8221;on&#8221; button_text=&#8221;BEL DIRECT VOOR EEN AFSPRAAK&#8221; button_alignment=&#8221;center&#8221; _builder_version=&#8221;4.15.1&#8243; _module_preset=&#8221;default&#8221; custom_button=&#8221;on&#8221; button_bg_color=&#8221;#2f3283&#8243; button_border_width=&#8221;0px&#8221; button_font=&#8221;|600|||||||&#8221; button_icon=&#8221;&#xe090;||divi||400&#8243; button_icon_color=&#8221;#FFFFFF&#8221; button_icon_placement=&#8221;left&#8221; button_on_hover=&#8221;off&#8221; background_layout=&#8221;dark&#8221; hover_enabled=&#8221;0&#8243; box_shadow_style=&#8221;preset2&#8243; global_colors_info=&#8221;{}&#8221; sticky_enabled=&#8221;0&#8243;][\/et_pb_button][et_pb_button button_url=&#8221;https:\/\/waterbronnetje.nl\/contact\/&#8221; button_text=&#8221;OF KLIK HIER OM EEN BERICHT TE STUREN&#8221; button_alignment=&#8221;center&#8221; _builder_version=&#8221;4.14.8&#8243; _module_preset=&#8221;default&#8221; custom_button=&#8221;on&#8221; button_bg_color=&#8221;#2f3283&#8243; button_border_width=&#8221;0px&#8221; button_font=&#8221;|600|||||||&#8221; button_icon=&#8221;&#xe076;||divi||400&#8243; button_icon_color=&#8221;#FFFFFF&#8221; button_icon_placement=&#8221;left&#8221; button_on_hover=&#8221;off&#8221; background_layout=&#8221;dark&#8221; box_shadow_style=&#8221;preset2&#8243; global_colors_info=&#8221;{}&#8221;][\/et_pb_button][\/et_pb_column][et_pb_column type=&#8221;1_3&#8243; _builder_version=&#8221;4.15&#8243; _module_preset=&#8221;default&#8221; global_colors_info=&#8221;{}&#8221;][et_pb_image src=&#8221;https:\/\/waterbronnetje.nl\/wp-content\/uploads\/2022\/03\/pulsen.jpg&#8221; title_text=&#8221;pulsen&#8221; _builder_version=&#8221;4.15&#8243; _module_preset=&#8221;default&#8221; box_shadow_style=&#8221;preset2&#8243; global_colors_info=&#8221;{}&#8221;][\/et_pb_image][\/et_pb_column][\/et_pb_row][\/et_pb_section][et_pb_section fb_built=&#8221;1&#8243; _builder_version=&#8221;4.15&#8243; _module_preset=&#8221;default&#8221; background_color=&#8221;#22abdf&#8221; custom_margin=&#8221;0px|0px|0px|0px|false|false&#8221; custom_padding=&#8221;0px||0px||false|false&#8221; top_divider_height=&#8221;71px&#8221; top_divider_flip=&#8221;horizontal&#8221; bottom_divider_style=&#8221;ramp2&#8243; bottom_divider_color=&#8221;#2f3283&#8243; bottom_divider_height=&#8221;51px&#8221; global_colors_info=&#8221;{}&#8221;][et_pb_row _builder_version=&#8221;4.15&#8243; _module_preset=&#8221;default&#8221; global_colors_info=&#8221;{}&#8221;][et_pb_column type=&#8221;4_4&#8243; _builder_version=&#8221;4.15&#8243; _module_preset=&#8221;default&#8221; global_colors_info=&#8221;{}&#8221;][\/et_pb_column][\/et_pb_row][\/et_pb_section]<\/p>","protected":false},"excerpt":{"rendered":"<p>\u201cDit hadden we jaren eerder moeten doen!\u201dMieke en Bert uit Borne twijfelden al een tijd of ze een waterbron moesten laten slaan. Uiteindelijk hakten ze de knoop door en namen ze contact op met Waterbronnetje.nl. Hier vertellen ze over hun ervaringen. \u201cMieke en ik zijn al jaren heel actief met onze moestuin,\u201d aldus Bert. \u201cDaarvoor [&hellip;]<\/p>","protected":false},"author":1,"featured_media":0,"parent":0,"menu_order":0,"comment_status":"closed","ping_status":"closed","template":"","meta":{"_et_pb_use_builder":"on","_et_pb_old_content":"","_et_gb_content_width":"","footnotes":""},"class_list":["post-117","page","type-page","status-publish","hentry"],"_links":{"self":[{"href":"https:\/\/waterbronnetje.nl\/de\/wp-json\/wp\/v2\/pages\/117","targetHints":{"allow":["GET"]}}],"collection":[{"href":"https:\/\/waterbronnetje.nl\/de\/wp-json\/wp\/v2\/pages"}],"about":[{"href":"https:\/\/waterbronnetje.nl\/de\/wp-json\/wp\/v2\/types\/page"}],"author":[{"embeddable":true,"href":"https:\/\/waterbronnetje.nl\/de\/wp-json\/wp\/v2\/users\/1"}],"replies":[{"embeddable":true,"href":"https:\/\/waterbronnetje.nl\/de\/wp-json\/wp\/v2\/comments?post=117"}],"version-history":[{"count":3,"href":"https:\/\/waterbronnetje.nl\/de\/wp-json\/wp\/v2\/pages\/117\/revisions"}],"predecessor-version":[{"id":150,"href":"https:\/\/waterbronnetje.nl\/de\/wp-json\/wp\/v2\/pages\/117\/revisions\/150"}],"wp:attachment":[{"href":"https:\/\/waterbronnetje.nl\/de\/wp-json\/wp\/v2\/media?parent=117"}],"curies":[{"name":"wp","href":"https:\/\/api.w.org\/{rel}","templated":true}]}}